{"id":423,"date":"2022-11-29T03:43:42","date_gmt":"2022-11-29T03:43:42","guid":{"rendered":"https:\/\/2aaz-energie.fr\/?page_id=423"},"modified":"2023-05-15T17:02:57","modified_gmt":"2023-05-15T15:02:57","slug":"a-propos","status":"publish","type":"page","link":"https:\/\/2aaz-energie.fr\/?page_id=423","title":{"rendered":"Qui sommes-nous"},"content":{"rendered":"\t\t<div data-elementor-type=\"wp-page\" data-elementor-id=\"423\" class=\"elementor elementor-423\">\n\t\t\t\t\t\t<section class=\"elementor-section elementor-top-section elementor-element elementor-element-c724082 elementor-section-boxed elementor-section-height-default elementor-section-height-default\" data-id=\"c724082\" data-element_type=\"section\" data-e-type=\"section\">\n\t\t\t\t\t\t<div class=\"elementor-container elementor-column-gap-default\">\n\t\t\t\t\t<div class=\"elementor-column elementor-col-100 elementor-top-column elementor-element elementor-element-774e4df\" data-id=\"774e4df\" data-element_type=\"column\" data-e-type=\"column\">\n\t\t\t<div class=\"elementor-widget-wrap elementor-element-populated\">\n\t\t\t\t\t\t<div class=\"elementor-element elementor-element-4791630 elementor-widget elementor-widget-html\" data-id=\"4791630\" data-element_type=\"widget\" data-e-type=\"widget\" data-widget_type=\"html.default\">\n\t\t\t\t<div class=\"elementor-widget-container\">\n\t\t\t\t\t<div id=\"block-qui-nous-sommes\" style=\"background-color: #FFF; color: #000; border-radius: 10px;\">\r\n  <div class=\"header\" style=\"border-radius: 10px; text-align: center; padding: 1rem; box-shadow: 0px 5px 10px rgba(0, 0, 0, 0.2);\">\r\n    <h2 style=\"margin-bottom: 1rem; color: #08c21a\">Qui nous sommes<\/h2>\r\n      <p>2AAZ \u00c9NERGIE soci\u00e9t\u00e9 certifi\u00e9e RGE (Reconnu Garant Environnement)<\/p>\r\n      <p>Sp\u00e9cialis\u00e9e dans le secteur des \u00e9nergies renouvelables, l'isolation et la climatisation. Nos principaux travaux consistent \u00e0 l'installation d'\u00e9quipements thermiques, l'isolation int\u00e9rieure et ext\u00e9rieure, pose de pompe \u00e0 chaleur.<\/p>\r\n      <p>Afin de vous garantir des installations de qualit\u00e9, nous v\u00e9rifions les comp\u00e9tences de chacun de nos installateurs. Votre satisfaction et la diminution de vos d\u00e9penses \u00e9nerg\u00e9tiques sont nos principales pr\u00e9occupations.<\/p>\r\n      <p>Apr\u00e8s avoir simul\u00e9 les travaux que vous souhaitez r\u00e9aliser, nous vous proposons des installateurs. Ces professionnels sont tr\u00e8s comp\u00e9tents et qualifi\u00e9s. Nous contr\u00f4lons leurs travaux et leur savoir-faire pour assurer une installation de qualit\u00e9, rapide et sans faille.<\/p>\r\n  <\/div>\r\n  <div class=\"content\" style=\"display: flex; flex-wrap: wrap; justify-content: center; padding: 1rem;\">\r\n    <div class=\"section\" style=\"width: 30%; padding: 1rem; background-color: #fff; border-radius: 10px; box-shadow: 0px 5px 10px rgba(0, 0, 0, 0.2); margin: 5px; text-align:center;\">\r\n      <h3 style=\"color: #08c21a;\">Zone d'intervention<\/h3>\r\n      <p style=\"color: black;\">R\u00e9gional<\/p>\r\n    <\/div>\r\n    <div class=\"section\" style=\"width: 30%; padding: 1rem; background-color: #fff; border-radius: 10px; box-shadow: 0px 5px 10px rgba(0, 0, 0, 0.2); margin: 5px; text-align:center;\">\r\n      <h3 style=\"color: #08c21a;\">R\u00e9activit\u00e9 de devis<\/h3>\r\n      <p style=\"color: black;\">48h<\/p>\r\n    <\/div>\r\n    <div class=\"section\" style=\"width: 30%; padding: 1rem; background-color: #fff; border-radius: 10px; box-shadow: 0px 5px 10px rgba(0, 0, 0, 0.2); margin: 5px; text-align:center;\">\r\n      <h3 style=\"color: #08c21a;\">Fr\u00e9quence des march\u00e9s<\/h3>\r\n      <p style=\"color: black;\">R\u00e9gulier<\/p>\r\n    <\/div>\r\n  <\/div>\r\n<\/div>\r\n\t\t\t\t<\/div>\n\t\t\t\t<\/div>\n\t\t\t\t\t<\/div>\n\t\t<\/div>\n\t\t\t\t\t<\/div>\n\t\t<\/section>\n\t\t\t\t<\/div>\n\t\t","protected":false},"excerpt":{"rendered":"<p>Qui nous sommes 2AAZ \u00c9NERGIE soci\u00e9t\u00e9 certifi\u00e9e RGE (Reconnu Garant Environnement) Sp\u00e9cialis\u00e9e dans le secteur des \u00e9nergies renouvelables, l&#8217;isolation et la climatisation. Nos principaux travaux consistent \u00e0 l&#8217;installation d&#8217;\u00e9quipements thermiques, l&#8217;isolation int\u00e9rieure et ext\u00e9rieure, pose de pompe \u00e0 chaleur. Afin de vous garantir des installations de qualit\u00e9, nous v\u00e9rifions les comp\u00e9tences de chacun de nos [&hellip;]<\/p>\n","protected":false},"author":1,"featured_media":0,"parent":0,"menu_order":0,"comment_status":"closed","ping_status":"closed","template":"","meta":{"om_disable_all_campaigns":false,"_monsterinsights_skip_tracking":false,"_monsterinsights_sitenote_active":false,"_monsterinsights_sitenote_note":"","_monsterinsights_sitenote_category":0,"ocean_post_layout":"full-screen","ocean_both_sidebars_style":"","ocean_both_sidebars_content_width":0,"ocean_both_sidebars_sidebars_width":0,"ocean_sidebar":"0","ocean_second_sidebar":"0","ocean_disable_margins":"enable","ocean_add_body_class":"","ocean_shortcode_before_top_bar":"","ocean_shortcode_after_top_bar":"","ocean_shortcode_before_header":"","ocean_shortcode_after_header":"","ocean_has_shortcode":"","ocean_shortcode_after_title":"","ocean_shortcode_before_footer_widgets":"","ocean_shortcode_after_footer_widgets":"","ocean_shortcode_before_footer_bottom":"","ocean_shortcode_after_footer_bottom":"","ocean_display_top_bar":"default","ocean_display_header":"default","ocean_header_style":"","ocean_center_header_left_menu":"0","ocean_custom_header_template":"0","ocean_custom_logo":0,"ocean_custom_retina_logo":0,"ocean_custom_logo_max_width":0,"ocean_custom_logo_tablet_max_width":0,"ocean_custom_logo_mobile_max_width":0,"ocean_custom_logo_max_height":0,"ocean_custom_logo_tablet_max_height":0,"ocean_custom_logo_mobile_max_height":0,"ocean_header_custom_menu":"0","ocean_menu_typo_font_family":"0","ocean_menu_typo_font_subset":"","ocean_menu_typo_font_size":0,"ocean_menu_typo_font_size_tablet":0,"ocean_menu_typo_font_size_mobile":0,"ocean_menu_typo_font_size_unit":"px","ocean_menu_typo_font_weight":"","ocean_menu_typo_font_weight_tablet":"","ocean_menu_typo_font_weight_mobile":"","ocean_menu_typo_transform":"","ocean_menu_typo_transform_tablet":"","ocean_menu_typo_transform_mobile":"","ocean_menu_typo_line_height":0,"ocean_menu_typo_line_height_tablet":0,"ocean_menu_typo_line_height_mobile":0,"ocean_menu_typo_line_height_unit":"","ocean_menu_typo_spacing":0,"ocean_menu_typo_spacing_tablet":0,"ocean_menu_typo_spacing_mobile":0,"ocean_menu_typo_spacing_unit":"","ocean_menu_link_color":"","ocean_menu_link_color_hover":"","ocean_menu_link_color_active":"","ocean_menu_link_background":"","ocean_menu_link_hover_background":"","ocean_menu_link_active_background":"","ocean_menu_social_links_bg":"","ocean_menu_social_hover_links_bg":"","ocean_menu_social_links_color":"","ocean_menu_social_hover_links_color":"","ocean_disable_title":"on","ocean_disable_heading":"default","ocean_post_title":"","ocean_post_subheading":"","ocean_post_title_style":"","ocean_post_title_background_color":"","ocean_post_title_background":0,"ocean_post_title_bg_image_position":"","ocean_post_title_bg_image_attachment":"","ocean_post_title_bg_image_repeat":"","ocean_post_title_bg_image_size":"","ocean_post_title_height":0,"ocean_post_title_bg_overlay":0.5,"ocean_post_title_bg_overlay_color":"","ocean_disable_breadcrumbs":"default","ocean_breadcrumbs_color":"","ocean_breadcrumbs_separator_color":"","ocean_breadcrumbs_links_color":"","ocean_breadcrumbs_links_hover_color":"","ocean_display_footer_widgets":"off","ocean_display_footer_bottom":"default","ocean_custom_footer_template":"0","footnotes":""},"class_list":["post-423","page","type-page","status-publish","hentry","entry"],"aioseo_notices":[],"yoast_head":"<!-- This site is optimized with the Yoast SEO plugin v27.4 - https:\/\/yoast.com\/product\/yoast-seo-wordpress\/ -->\n<title>Qui sommes-nous - 2aaz \u00e9nergie<\/title>\n<meta name=\"robots\" content=\"index, follow, max-snippet:-1, max-image-preview:large, max-video-preview:-1\" \/>\n<link rel=\"canonical\" href=\"https:\/\/2aaz-energie.fr\/?page_id=423\" \/>\n<meta property=\"og:locale\" content=\"fr_FR\" \/>\n<meta property=\"og:type\" content=\"article\" \/>\n<meta property=\"og:title\" content=\"Qui sommes-nous - 2aaz \u00e9nergie\" \/>\n<meta property=\"og:description\" content=\"Qui nous sommes 2AAZ \u00c9NERGIE soci\u00e9t\u00e9 certifi\u00e9e RGE (Reconnu Garant Environnement) Sp\u00e9cialis\u00e9e dans le secteur des \u00e9nergies renouvelables, l&#8217;isolation et la climatisation. Nos principaux travaux consistent \u00e0 l&#8217;installation d&#8217;\u00e9quipements thermiques, l&#8217;isolation int\u00e9rieure et ext\u00e9rieure, pose de pompe \u00e0 chaleur. Afin de vous garantir des installations de qualit\u00e9, nous v\u00e9rifions les comp\u00e9tences de chacun de nos [&hellip;]\" \/>\n<meta property=\"og:url\" content=\"https:\/\/2aaz-energie.fr\/?page_id=423\" \/>\n<meta property=\"og:site_name\" content=\"2aaz \u00e9nergie\" \/>\n<meta property=\"article:modified_time\" content=\"2023-05-15T15:02:57+00:00\" \/>\n<meta name=\"twitter:card\" content=\"summary_large_image\" \/>\n<meta name=\"twitter:label1\" content=\"Dur\u00e9e de lecture estim\u00e9e\" \/>\n\t<meta name=\"twitter:data1\" content=\"1 minute\" \/>\n<script type=\"application\/ld+json\" class=\"yoast-schema-graph\">{\"@context\":\"https:\\\/\\\/schema.org\",\"@graph\":[{\"@type\":\"WebPage\",\"@id\":\"https:\\\/\\\/2aaz-energie.fr\\\/?page_id=423\",\"url\":\"https:\\\/\\\/2aaz-energie.fr\\\/?page_id=423\",\"name\":\"Qui sommes-nous - 2aaz \u00e9nergie\",\"isPartOf\":{\"@id\":\"https:\\\/\\\/2aaz-energie.fr\\\/#website\"},\"datePublished\":\"2022-11-29T03:43:42+00:00\",\"dateModified\":\"2023-05-15T15:02:57+00:00\",\"breadcrumb\":{\"@id\":\"https:\\\/\\\/2aaz-energie.fr\\\/?page_id=423#breadcrumb\"},\"inLanguage\":\"fr-FR\",\"potentialAction\":[{\"@type\":\"ReadAction\",\"target\":[\"https:\\\/\\\/2aaz-energie.fr\\\/?page_id=423\"]}]},{\"@type\":\"BreadcrumbList\",\"@id\":\"https:\\\/\\\/2aaz-energie.fr\\\/?page_id=423#breadcrumb\",\"itemListElement\":[{\"@type\":\"ListItem\",\"position\":1,\"name\":\"Home\",\"item\":\"https:\\\/\\\/2aaz-energie.fr\\\/\"},{\"@type\":\"ListItem\",\"position\":2,\"name\":\"Qui sommes-nous\"}]},{\"@type\":\"WebSite\",\"@id\":\"https:\\\/\\\/2aaz-energie.fr\\\/#website\",\"url\":\"https:\\\/\\\/2aaz-energie.fr\\\/\",\"name\":\"2aaz \u00e9nergie\",\"description\":\"R\u00e9novation \u00e9nerg\u00e9tique \",\"publisher\":{\"@id\":\"https:\\\/\\\/2aaz-energie.fr\\\/#organization\"},\"potentialAction\":[{\"@type\":\"SearchAction\",\"target\":{\"@type\":\"EntryPoint\",\"urlTemplate\":\"https:\\\/\\\/2aaz-energie.fr\\\/?s={search_term_string}\"},\"query-input\":{\"@type\":\"PropertyValueSpecification\",\"valueRequired\":true,\"valueName\":\"search_term_string\"}}],\"inLanguage\":\"fr-FR\"},{\"@type\":\"Organization\",\"@id\":\"https:\\\/\\\/2aaz-energie.fr\\\/#organization\",\"name\":\"2aaz \u00e9nergie\",\"url\":\"https:\\\/\\\/2aaz-energie.fr\\\/\",\"logo\":{\"@type\":\"ImageObject\",\"inLanguage\":\"fr-FR\",\"@id\":\"https:\\\/\\\/2aaz-energie.fr\\\/#\\\/schema\\\/logo\\\/image\\\/\",\"url\":\"https:\\\/\\\/2aaz-energie.fr\\\/wp-content\\\/uploads\\\/2023\\\/01\\\/2aaz-energie-3.png\",\"contentUrl\":\"https:\\\/\\\/2aaz-energie.fr\\\/wp-content\\\/uploads\\\/2023\\\/01\\\/2aaz-energie-3.png\",\"width\":750,\"height\":750,\"caption\":\"2aaz \u00e9nergie\"},\"image\":{\"@id\":\"https:\\\/\\\/2aaz-energie.fr\\\/#\\\/schema\\\/logo\\\/image\\\/\"}}]}<\/script>\n<!-- \/ Yoast SEO plugin. -->","yoast_head_json":{"title":"Qui sommes-nous - 2aaz \u00e9nergie","robots":{"index":"index","follow":"follow","max-snippet":"max-snippet:-1","max-image-preview":"max-image-preview:large","max-video-preview":"max-video-preview:-1"},"canonical":"https:\/\/2aaz-energie.fr\/?page_id=423","og_locale":"fr_FR","og_type":"article","og_title":"Qui sommes-nous - 2aaz \u00e9nergie","og_description":"Qui nous sommes 2AAZ \u00c9NERGIE soci\u00e9t\u00e9 certifi\u00e9e RGE (Reconnu Garant Environnement) Sp\u00e9cialis\u00e9e dans le secteur des \u00e9nergies renouvelables, l&#8217;isolation et la climatisation. Nos principaux travaux consistent \u00e0 l&#8217;installation d&#8217;\u00e9quipements thermiques, l&#8217;isolation int\u00e9rieure et ext\u00e9rieure, pose de pompe \u00e0 chaleur. Afin de vous garantir des installations de qualit\u00e9, nous v\u00e9rifions les comp\u00e9tences de chacun de nos [&hellip;]","og_url":"https:\/\/2aaz-energie.fr\/?page_id=423","og_site_name":"2aaz \u00e9nergie","article_modified_time":"2023-05-15T15:02:57+00:00","twitter_card":"summary_large_image","twitter_misc":{"Dur\u00e9e de lecture estim\u00e9e":"1 minute"},"schema":{"@context":"https:\/\/schema.org","@graph":[{"@type":"WebPage","@id":"https:\/\/2aaz-energie.fr\/?page_id=423","url":"https:\/\/2aaz-energie.fr\/?page_id=423","name":"Qui sommes-nous - 2aaz \u00e9nergie","isPartOf":{"@id":"https:\/\/2aaz-energie.fr\/#website"},"datePublished":"2022-11-29T03:43:42+00:00","dateModified":"2023-05-15T15:02:57+00:00","breadcrumb":{"@id":"https:\/\/2aaz-energie.fr\/?page_id=423#breadcrumb"},"inLanguage":"fr-FR","potentialAction":[{"@type":"ReadAction","target":["https:\/\/2aaz-energie.fr\/?page_id=423"]}]},{"@type":"BreadcrumbList","@id":"https:\/\/2aaz-energie.fr\/?page_id=423#breadcrumb","itemListElement":[{"@type":"ListItem","position":1,"name":"Home","item":"https:\/\/2aaz-energie.fr\/"},{"@type":"ListItem","position":2,"name":"Qui sommes-nous"}]},{"@type":"WebSite","@id":"https:\/\/2aaz-energie.fr\/#website","url":"https:\/\/2aaz-energie.fr\/","name":"2aaz \u00e9nergie","description":"R\u00e9novation \u00e9nerg\u00e9tique ","publisher":{"@id":"https:\/\/2aaz-energie.fr\/#organization"},"potentialAction":[{"@type":"SearchAction","target":{"@type":"EntryPoint","urlTemplate":"https:\/\/2aaz-energie.fr\/?s={search_term_string}"},"query-input":{"@type":"PropertyValueSpecification","valueRequired":true,"valueName":"search_term_string"}}],"inLanguage":"fr-FR"},{"@type":"Organization","@id":"https:\/\/2aaz-energie.fr\/#organization","name":"2aaz \u00e9nergie","url":"https:\/\/2aaz-energie.fr\/","logo":{"@type":"ImageObject","inLanguage":"fr-FR","@id":"https:\/\/2aaz-energie.fr\/#\/schema\/logo\/image\/","url":"https:\/\/2aaz-energie.fr\/wp-content\/uploads\/2023\/01\/2aaz-energie-3.png","contentUrl":"https:\/\/2aaz-energie.fr\/wp-content\/uploads\/2023\/01\/2aaz-energie-3.png","width":750,"height":750,"caption":"2aaz \u00e9nergie"},"image":{"@id":"https:\/\/2aaz-energie.fr\/#\/schema\/logo\/image\/"}}]}},"_links":{"self":[{"href":"https:\/\/2aaz-energie.fr\/index.php?rest_route=\/wp\/v2\/pages\/423","targetHints":{"allow":["GET"]}}],"collection":[{"href":"https:\/\/2aaz-energie.fr\/index.php?rest_route=\/wp\/v2\/pages"}],"about":[{"href":"https:\/\/2aaz-energie.fr\/index.php?rest_route=\/wp\/v2\/types\/page"}],"author":[{"embeddable":true,"href":"https:\/\/2aaz-energie.fr\/index.php?rest_route=\/wp\/v2\/users\/1"}],"replies":[{"embeddable":true,"href":"https:\/\/2aaz-energie.fr\/index.php?rest_route=%2Fwp%2Fv2%2Fcomments&post=423"}],"version-history":[{"count":93,"href":"https:\/\/2aaz-energie.fr\/index.php?rest_route=\/wp\/v2\/pages\/423\/revisions"}],"predecessor-version":[{"id":1160,"href":"https:\/\/2aaz-energie.fr\/index.php?rest_route=\/wp\/v2\/pages\/423\/revisions\/1160"}],"wp:attachment":[{"href":"https:\/\/2aaz-energie.fr\/index.php?rest_route=%2Fwp%2Fv2%2Fmedia&parent=423"}],"curies":[{"name":"wp","href":"https:\/\/api.w.org\/{rel}","templated":true}]}}